{"id":964,"date":"2022-10-30T10:53:51","date_gmt":"2022-10-30T08:53:51","guid":{"rendered":"http:\/\/www.carolintonus.de\/?page_id=964"},"modified":"2026-02-27T15:41:43","modified_gmt":"2026-02-27T13:41:43","slug":"medienpraesenz-neu","status":"publish","type":"page","link":"https:\/\/www.carolintonus.de\/?page_id=964","title":{"rendered":"Medienpr\u00e4senz"},"content":{"rendered":"<div id=\"pl-964\"  class=\"panel-layout\" ><div id=\"pg-964-0\"  class=\"panel-grid panel-no-style\" ><div id=\"pgc-964-0-0\"  class=\"panel-grid-cell\" ><div id=\"panel-964-0-0-0\" class=\"so-panel widget widget_primrose-sow-divider panel-first-child\" data-index=\"0\" ><div class=\"so-widget-primrose-sow-divider so-widget-primrose-sow-divider-default-d75171398898-964\"><hr class=\"primrose-sow-divider\" \/><\/div><\/div><div id=\"panel-964-0-0-1\" class=\"so-panel widget widget_text\" data-index=\"1\" ><h3 class=\"widget-title\">Medienpr\u00e4senz<\/h3>\t\t\t<div class=\"textwidget\"><\/div>\n\t\t<\/div><div id=\"panel-964-0-0-2\" class=\"so-panel widget widget_text panel-last-child\" data-index=\"2\" >\t\t\t<div class=\"textwidget\"><ul>\n<li>Diese Methode verbessert Heilungschance f\u00fcr Krebspatienten &#8211; Digitale Sprechstunde Hamburger Abendblatt 2023 \u2013 <a href=\"https:\/\/www.youtube.com\/watch?v=DLEYOkFkUMw\">Podcast anh\u00f6ren<\/a><\/li>\n<li>Asklepios Expertengespr\u00e4ch You Tube 2023:<br \/>\nIntraoperative Bestrahlung aus Sicht der Chirurgin \u2013 <a href=\"https:\/\/www.youtube.com\/watch?v=BEQXRS9S38Q&amp;feature=youtu.be\">Video ansehen<\/a><\/li>\n<li>Asklepios Expertengespr\u00e4ch You Tube 2023:<br \/>\nIntraoperative Strahlentherapie (IORT) \u2013 Gemeinsam behandeln \u2013 <a href=\"https:\/\/www.youtube.com\/watch?v=X4GXUsvogeA&amp;feature=youtu.be\">Video ansehen<\/a><\/li>\n<li>Das kolorektale Karzinom und seine Therapie 2023 \u2013 <a href=\"https:\/\/www.youtube.com\/watch?v=iI-1lWfVze0&amp;feature=youtu.be\">Video ansehen<\/a><\/li>\n<li>Neue Strahlentherapie hilft Tumorpatienten &#8211; Hamburger Abendblatt &#8211; <a href=\"https:\/\/www.abendblatt.de\/hamburg\/hamburg-mitte\/article239319547\/Diese-neue-Methode-erhoeht-Heilungschance-fuer-Tumorpatienten.html\">Artikel<\/a><\/li>\n<li>&#8222;Das Gesundheitssystem als Reparaturbetrieb hat ausgedient&#8220; &#8211; Hamburger Abendblatt &#8211; <a href=\"https:\/\/www.abendblatt.de\/hamburg\/article238466455\/Das-Gesundheitssystem-als-Reparaturbetrieb-hat-ausgedient.html\">Artikel<\/a><\/li>\n<li>Asklepios-Experten zum Darmkrebsmonat: Viele Fortschritte, aber Vorsorge bleibt das Wichtigst &#8211; <a href=\"https:\/\/www.carolintonus.de\/wp-content\/uploads\/2023\/09\/202303XX_PM_Darmkrebsmonat.pdf\">Artikel<\/a><\/li>\n<li>Asklepios Trendreport 2023 &#8211; <a href=\"https:\/\/www.carolintonus.de\/wp-content\/uploads\/2023\/09\/Asklepios-Trendreport-2023-5.pdf\">Report<\/a><\/li>\n<li>Leading-Medicine-Guide vom 11.07.2022: Sarkomspezialistin Prof. Dr. Carolin Tonus: \u201eIch mache pers\u00f6nliche Medizin!\u201c &#8211; <a href=\"https:\/\/www.leading-medicine-guide.com\/de\/news-storys\/experteninterviews\/prof-dr-carolin-tonus-ich-mache-persoenliche-medizin\">Artikel lesen<\/a><\/li>\n<li>\u201eWie ist die Lage?\u201c, der fast t\u00e4glicher Podcast vom 21.03.2022 &#8211; <a href=\"https:\/\/wieistdielage.podigee.io\/420-heute-mit-carolin-tonus\">Artikel lesen<\/a><\/li>\n<li>Bild.de vom 30.01.2022: &#8222;Dann h\u00e4tte Corona immerhin etwas Gutes&#8220; &#8211; <a href=\"https:\/\/www.bild.de\/bild-plus\/ratgeber\/2022\/ratgeber\/weltkrebstag-duerfen-krebs-ops-wegen-corona-aufgeschoben-werden-78969508.bild.html?wtmc=whtspp.shr&amp;t_ref=https%3A%2F%2Fm.bild.de%2Fbild-plus%2Fratgeber%2F2022%2Fratgeber%2Fweltkrebstag-duerfen-krebs-ops-wegen-corona-aufgeschoben-werden-78969508.bildMobile.html%3Fwtmc%3Dwhtspp.shr\">Artikel lesen<\/a><\/li>\n<li>Medizin aufs Ohr: Der Podcast der Aesculap Akademie 2021 &#8211; <a href=\"https:\/\/medizin-aufs-ohr.podigee.io\/13-professor-carolin-tonus\">Artikel lesen<\/a><\/li>\n<li>Das Interview \u00fcber Medizin und Menschliches \/ Health TV 2021 &#8211; <a href=\"https:\/\/www.youtube.com\/watch?v=8DYgkfWxY-Q\">Video ansehen<\/a><\/li>\n<li>Hamburger Abendblatt: Was tun bei Darmkrebs? 2019 &#8211; <a href=\"https:\/\/www.abendblatt.de\/podcast\/die-digitale-sprechstunde\/article216912367\/Darmkrebs-symptome-ursachen-behandlung-Carolin-Tonus-asklepios-hamburg.html\">Artikel lesen<\/a><\/li>\n<li>Asklepios Expertengespr\u00e4ch You Tube: Sarkomzentrum &#8211; Kompetenz f\u00fcr b\u00f6sartige Weichteiltumore 2018 &#8211; <a href=\"https:\/\/www.youtube.com\/watch?v=s1Qp51x2M2A\">Video ansehen<\/a><\/li>\n<li>Hamburger Abendblatt Dezember 2016: Zwei Chef\u00e4rzte \u00fcber das Klima in Hamburger Krankenh\u00e4usern &#8211; <a href=\"https:\/\/www.abendblatt.de\/podcast\/die-digitale-sprechstunde\/article216912367\/Darmkrebs-symptome-ursachen-behandlung-Carolin-Tonus-asklepios-hamburg.html\">Artikel lesen<\/a><\/li>\n<li>Asklepios Expertengespr\u00e4ch You Tube: Chronische Wunden &#8211; Behandlung im Wundzentrum 2015 &#8211; <a href=\"https:\/\/www.youtube.com\/watch?v=Yud2xYLmfnQ\">Video ansehen<\/a><\/li>\n<li>Hamburger Abendblatt Februar 2015: Asklepios Klinik Nord hat ein Wundzentrum gegr\u00fcndet<\/li>\n<li>Asklepios Expertengespr\u00e4ch You Tube: Chirurgie mit Herz: Menschlichkeit in der Behandlung 2015 &#8211; <a href=\"https:\/\/www.youtube.com\/watch?v=PGdn3UE2ADA\">Video ansehen<\/a><\/li>\n<li>Asklepios Expertengespr\u00e4ch You Tube: Zweitmeinung bei Schilddr\u00fcsenerkrankungen 2013 &#8211; <a href=\"https:\/\/www.youtube.com\/watch?v=0QgXnXIdd7g\">Video ansehen<\/a><\/li>\n<li>Stadtmagazin Norderstedt September 2012: Was Sie \u00fcber Hernien wissen sollten. Asklepios Klinik Nord gr\u00fcndet Hernienzentrum<\/li>\n<li>Alstertal Magazin Februar 2012: <a href=\"https:\/\/alstertalplus.de\/flash\/docatm1201\/blaetterkatalog\/html\/spezialstation_patienten_dick_.html\">Spezialstation f\u00fcr Patienten mit Dick- und Enddarmkrebs<\/a><\/li>\n<li>Interview YouTube: Neue Chef\u00e4rztin Asklepios Klinik Nord Hamburg 2011 &#8211; <a href=\"https:\/\/www.youtube.com\/watch?v=WJj6s0D_clk\">Video ansehen<\/a><\/li>\n<li>Medtropole Januar 2011: <a href=\"https:\/\/www.asklepios.com\/upload\/mp24k_6773.pdf\">Asklepios Klinik Nord: Abteilung f\u00fcr Allgemein- und Viszeralchirurgie: Prof. Dr. Carolin Tonus<\/a><\/li>\n<li>Interview Hamburg 1: 1. Heidberger Stomatag 2011<\/li>\n<li>Telefonaktion \u201eLeistenbr\u00fcche\u201c Fuldaer Zeitung 2010<\/li>\n<li>Fuldaer Zeitung am 15.06.2010: <a href=\"https:\/\/www.carolintonus.de\/Download\/Presse\/100615_Liese.pdf\">Ehrung f\u00fcr Fuldaer Medizinerin<\/a><\/li>\n<li>Telefonaktion \u201eDarmkrebs\u201c Fuldaer Zeitung 2010<\/li>\n<li>Telefonaktion \u201eSchilddr\u00fcsenerkrankungen\u201c Fuldaer Zeitung 2009<\/li>\n<li>Radiointerview HR4: Wartezeiten in einer interdisziplin\u00e4ren Ambulanz 2009<\/li>\n<li>Fuldaer Zeitung am 24.11.2009: <a href=\"https:\/\/www.carolintonus.de\/Download\/Presse\/091124_Zertifikat_FZ.png\">Mit Ideen von vier Kontinenten<\/a><\/li>\n<li>Osthessen-News 04.07.2009: <a href=\"https:\/\/osthessen-news.de\/n1168306\/fulda-sch-ner-steinfrei-gallenoperation-ohne-sichtbare-schnitte-und-unsch-ne-narben-.html\">Gallen-OP ohne sichtbare Schnitte und unsch\u00f6ne Narben<\/a><\/li>\n<li>Fuldaer Nachrichten am 19.11.2008: <a href=\"http:\/\/www.fuldaer-nachrichten.de\/?p=14417&amp;print=1\">PD Dr. med. habil. Carolin Tonus in den Krankenhausausschuss der Landes\u00e4rztekammer Hessen berufen<\/a><\/li>\n<li>Telefonaktion \u201eDarmkrebsvorsorge\u201c Fuldaer Zeitung 2007<\/li>\n<li>Fuldaer Nachrichten am 09.10.2007: <a href=\"http:\/\/www.fuldaer-nachrichten.de\/?p=5785&amp;print=1\">PD Dr. Carolin Tonus ist neue Landesvorsitzende des BDC<\/a><\/li>\n<li>Fuldaer Zeitung Online am 19.07.2007: <a href=\"http:\/\/www.fuldaer-nachrichten.de\/?p=4347&amp;print=1\">Erfolgreiche M\u00fctter &#8222;Kind oder Karriere?&#8220; Der Trend geht zum &#8222;und&#8220;<\/a><\/li>\n<li>Fuldaer Nachrichten am 09.03.2007: <a href=\"http:\/\/www.fuldaer-nachrichten.de\/?p=2048&amp;print=1\">&#8222;Der Weg nach oben&#8220; &#8211; Politischer Cocktailabend am Weltfrauentag<\/a><\/li>\n<li>Osthessen-News am 11.01.2007: <a href=\"https:\/\/osthessen-news.de\/beitrag.php?id=1131542\">Auszeichnung f\u00fcr PD Dr. Carolin Tonus<\/a><\/li>\n<li>Osthessen-News am 29.11.2006: <a href=\"https:\/\/osthessen-news.de\/n1130240\/fulda-eindrucksvolle-vernissage-mit-werken-von-gabor-szabo-im-herz-jesu-krankenhaus.html\">Mit Liebe zum Detail &#8211; Gabor Szabo stellt seine Werke im Herz-Jesu-Krankenhaus aus<\/a><\/li>\n<li>Osthessen-News 05.04.2006: <a href=\"https:\/\/osthessen-news.de\/beitrag.php?id=1123762\">Dr. Carolin Tonus &#8211; eine Frau mit Herz und Biss<\/a><\/li>\n<li>Telefonaktion \u201eH\u00e4morrhoidalleiden\u201c Fuldaer Zeitung 2006<\/li>\n<li>Betreuung der Medienpr\u00e4senz \u201eMedf\u00fchrer Krebs\u201c f\u00fcr das Klinikum Offenbach<\/li>\n<li>Radiointerview Primavera: Auszeichnung durch Willy und Monika Pitzer Stiftung 2006<\/li>\n<li>Radiointerview HR Skyline: Portrait Priv.-Doz. Dr. med. Carolin Tonus 2004<\/li>\n<li>Fernsehinterview ZDF \u201ePraxis t\u00e4glich\u201c: Gallensteine 2001 und 2003<\/li>\n<li>Telefonaktion Lokalpresse \u201eOffenbach Post\u201c: Dickdarmkrebs 2002&#8243;<\/li>\n<li>Hessenweiter Aktionstag: Kolorektales Karzinom 2000<\/li>\n<li>Radiointerview HR4: Intraoperative Strahlentherapie bei Dick- und Enddarmkrebs 1998<\/li>\n<\/ul>\n<\/div>\n\t\t<\/div><\/div><\/div><\/div>","protected":false},"excerpt":{"rendered":"<p>Diese Methode verbessert Heilungschance f\u00fcr Krebspatienten &#8211; Digitale Sprechstunde Hamburger Abendblatt 2023 \u2013 Podcast anh\u00f6ren Asklepios Expertengespr\u00e4ch You Tube 2023: Intraoperative Bestrahlung aus Sicht der Chirurgin \u2013 Video ansehen Asklepios Expertengespr\u00e4ch You Tube 2023: Intraoperative Strahlentherapie (IORT) \u2013 Gemeinsam behandeln \u2013 Video ansehen Das kolorektale Karzinom und seine Therapie 2023 \u2013 Video ansehen Neue Strahlentherapie [&hellip;]<\/p>\n","protected":false},"author":1,"featured_media":0,"parent":38,"menu_order":0,"comment_status":"closed","ping_status":"closed","template":"page-templates\/blank.php","meta":[],"_links":{"self":[{"href":"https:\/\/www.carolintonus.de\/index.php?rest_route=\/wp\/v2\/pages\/964"}],"collection":[{"href":"https:\/\/www.carolintonus.de\/index.php?rest_route=\/wp\/v2\/pages"}],"about":[{"href":"https:\/\/www.carolintonus.de\/index.php?rest_route=\/wp\/v2\/types\/page"}],"author":[{"embeddable":true,"href":"https:\/\/www.carolintonus.de\/index.php?rest_route=\/wp\/v2\/users\/1"}],"replies":[{"embeddable":true,"href":"https:\/\/www.carolintonus.de\/index.php?rest_route=%2Fwp%2Fv2%2Fcomments&post=964"}],"version-history":[{"count":27,"href":"https:\/\/www.carolintonus.de\/index.php?rest_route=\/wp\/v2\/pages\/964\/revisions"}],"predecessor-version":[{"id":1051,"href":"https:\/\/www.carolintonus.de\/index.php?rest_route=\/wp\/v2\/pages\/964\/revisions\/1051"}],"up":[{"embeddable":true,"href":"https:\/\/www.carolintonus.de\/index.php?rest_route=\/wp\/v2\/pages\/38"}],"wp:attachment":[{"href":"https:\/\/www.carolintonus.de\/index.php?rest_route=%2Fwp%2Fv2%2Fmedia&parent=964"}],"curies":[{"name":"wp","href":"https:\/\/api.w.org\/{rel}","templated":true}]}}