{"id":40,"date":"2014-01-21T14:40:05","date_gmt":"2014-01-21T12:40:05","guid":{"rendered":"http:\/\/columbralis.de\/TONUS2014\/?page_id=40"},"modified":"2026-03-27T13:25:07","modified_gmt":"2026-03-27T11:25:07","slug":"klinische-taetigkeiten","status":"publish","type":"page","link":"https:\/\/www.carolintonus.de\/?page_id=40","title":{"rendered":"Klinische T\u00e4tigkeiten"},"content":{"rendered":"<ul>\n<li>Moderation einer multiprofessionellen M&amp;M-Konferenz seit 2025 (Asklepios Klinik St. Georg, Hamburg)<\/li>\n<li>Moderation Viszeralmedizinische Tumorkonferenz und Sarkomkonferenz Asklepios Klinik St. Georg seit 2017 (zertifiziert durch Hamburger \u00c4rztekammer mit 2 Fortbildungspunkten)<\/li>\n<li>Gr\u00fcndung Sarkomzentrum 2017 (Asklepios Klinik St. Georg, Hamburg)<\/li>\n<li>Moderation M&amp;M-Konferenz seit 2014 (Asklepios Klinik Nord, Hamburg)<\/li>\n<li>OP-Manager seit 2007 (Herz-Jesu-Krankenhaus, Fulda)<\/li>\n<li>Moderation Tumorkonferenz Herz-Jesu-Krankenhaus Fulda seit 2006 (zertifiziert durch Hessische Landes\u00e4rztekammer mit 3 Fortbildungspunkten)<\/li>\n<li>Gr\u00fcndung und Moderation des w\u00f6chentlichen Tumorboards f\u00fcr das Klinikum Offenbach 2002,<br \/>\u201eInterdisziplin\u00e4res onkologisches Kolloquium\u201c (zertifiziert durch Hessische Landes\u00e4rztekammer mit einem Fortbildungspunkt pro Woche)<\/li>\n<li>Supervision des DRG-Groupings f\u00fcr onkologisch chirurgische Schwerpunktstation (Klinikum Offenbach)<\/li>\n<li>Ermittlung der Kenngr\u00f6\u00dfen \u201eFallzahl, Verweildauer, Belegung, ICD, OPS\u201c f\u00fcr onkologisch chirurgische Schwerpunktstation (Klinikum Offenbach)<\/li>\n<li>Arbeitsgruppe \u201eDisease-Management: Kolorektales Karzinom\u201c in Zusammenarbeit mit Nachbarkrankenhaus und niedergelassenen Kollegen (Klinikum Offenbach)<\/li>\n<li>Interne Qualit\u00e4tssicherung (Klinikum Offenbach)<br \/><em>Tumorregister \u201eKolorektales Karzinom\u201c, Komplikationsstatistik, Umfrage \u201ePatientenzufriedenheit\u201c<\/em><\/li>\n<\/ul>\n\n\n<p><\/p>\n","protected":false},"excerpt":{"rendered":"<p>Moderation einer multiprofessionellen M&amp;M-Konferenz seit 2025 (Asklepios Klinik St. Georg, Hamburg) Moderation Viszeralmedizinische Tumorkonferenz und Sarkomkonferenz Asklepios Klinik St. Georg seit 2017 (zertifiziert durch Hamburger \u00c4rztekammer mit 2 Fortbildungspunkten) Gr\u00fcndung Sarkomzentrum 2017 (Asklepios Klinik St. Georg, Hamburg) Moderation M&amp;M-Konferenz seit 2014 (Asklepios Klinik Nord, Hamburg) OP-Manager seit 2007 (Herz-Jesu-Krankenhaus, Fulda) Moderation Tumorkonferenz Herz-Jesu-Krankenhaus Fulda seit [&hellip;]<\/p>\n","protected":false},"author":1,"featured_media":0,"parent":38,"menu_order":0,"comment_status":"closed","ping_status":"closed","template":"","meta":[],"_links":{"self":[{"href":"https:\/\/www.carolintonus.de\/index.php?rest_route=\/wp\/v2\/pages\/40"}],"collection":[{"href":"https:\/\/www.carolintonus.de\/index.php?rest_route=\/wp\/v2\/pages"}],"about":[{"href":"https:\/\/www.carolintonus.de\/index.php?rest_route=\/wp\/v2\/types\/page"}],"author":[{"embeddable":true,"href":"https:\/\/www.carolintonus.de\/index.php?rest_route=\/wp\/v2\/users\/1"}],"replies":[{"embeddable":true,"href":"https:\/\/www.carolintonus.de\/index.php?rest_route=%2Fwp%2Fv2%2Fcomments&post=40"}],"version-history":[{"count":8,"href":"https:\/\/www.carolintonus.de\/index.php?rest_route=\/wp\/v2\/pages\/40\/revisions"}],"predecessor-version":[{"id":1066,"href":"https:\/\/www.carolintonus.de\/index.php?rest_route=\/wp\/v2\/pages\/40\/revisions\/1066"}],"up":[{"embeddable":true,"href":"https:\/\/www.carolintonus.de\/index.php?rest_route=\/wp\/v2\/pages\/38"}],"wp:attachment":[{"href":"https:\/\/www.carolintonus.de\/index.php?rest_route=%2Fwp%2Fv2%2Fmedia&parent=40"}],"curies":[{"name":"wp","href":"https:\/\/api.w.org\/{rel}","templated":true}]}}