{"id":34,"date":"2014-01-21T14:39:27","date_gmt":"2014-01-21T12:39:27","guid":{"rendered":"http:\/\/columbralis.de\/TONUS2014\/?page_id=34"},"modified":"2026-03-27T15:04:32","modified_gmt":"2026-03-27T13:04:32","slug":"akademische-lehre","status":"publish","type":"page","link":"https:\/\/www.carolintonus.de\/?page_id=34","title":{"rendered":"Akademische Lehre"},"content":{"rendered":"<p><strong>T\u00e4tigkeiten in der akademischen Lehre<\/strong><\/p>\n<ul>\n<li>Weiterbildungserm\u00e4chtigung (Asklepios Klinik St. Georg, Hamburg)<br \/>\n<em>Common Trunc 2 Jahre (kumulativ), Allgemeinchirurgie\/Chirurgie 2 Jahre (kumulativ), Viszeralchirurgie 4 Jahre, Spezielle Viszeralchirurgie 4 Jahre, Proktologie 1 Jahr<br \/>\n<\/em><\/li>\n<li>Fachverantwortliche Dozentin f\u00fcr Chirurgie am Asklepios Campus Hamburg<\/li>\n<li>Pr\u00fcfungskommission der \u00c4rztekammer Hamburg im Fach &#8222;Spezielle Viszeralchirurgie&#8220;<\/li>\n<li>Lehrveranstaltungen der Johann Wolfgang Goethe-Universit\u00e4t Frankfurt am Main<\/li>\n<li>Interdisziplin\u00e4res onkologisches Kolloquium, Nahtkurs, Training praktischer Fertigkeiten (TPF)<\/li>\n<li>Pr\u00fcfungskommission der \u00c4rztekammer Hamburg im Fach &#8222;Allgemeine Chirurgie&#8220; und &#8222;Viszeralchirurgie&#8220;<\/li>\n<li>Pr\u00fcfungskommission der Freien und Hansestadt Hamburg f\u00fcr Heilberufe<\/li>\n<li>Diplomandenbetreuung (Asklepios Campus Hamburg, Semmelweis-Universit\u00e4t in Budapest)<\/li>\n<li>Dozentin der Asklepios Medical School f\u00fcr Allgemein- und Viszeralchirurgie<\/li>\n<li>Einf\u00fchrung in das Problem-Orientierte Lernen &#8211; POL (Asklepios Klinik Altona, Hamburg, 2011)<\/li>\n<li>Weiterbildungserm\u00e4chtigung (Asklepios Klinik Nord, Hamburg)<br \/>\n<em>Common Trunc 2 Jahre (kumulativ), Allgemeine Chirurgie 4 Jahre, Viszeralchirurgie 4 Jahre, Spezielle Viszeralchirurgie 3 Jahre, Proktologie 1 Jahr<br \/>\n<\/em><\/li>\n<li>Lehrveranstaltungen der Johann Wolfgang Goethe-Universit\u00e4t Frankfurt am Main (Herz-Jesu-Krankenhaus, Fulda, seit 2006)<\/li>\n<li>Interdisziplin\u00e4res onkologisches Kolloquium, Nahtkurs, Training praktischer Fertigkeiten (TPF)<\/li>\n<li>Weiterbildungserm\u00e4chtigung (Herz-Jesu-Krankenhaus, Fulda) <em><br \/>\nCommon Trunc 2 Jahre, Allgemeine Chirurgie 3 Jahre, Viszeralchirurgie 3 Jahre<\/em><\/li>\n<li>Pr\u00fcfungskommission der Landes\u00e4rztekammer Hessen im Fach \u201eAllgemeine Chirurgie\u201c und \u201eViszeralchirurgie\u201c (Herz-Jesu-Krankenhaus, Fulda)<\/li>\n<li>Pr\u00fcfungskommission des Hessischen Landespr\u00fcfungsamts f\u00fcr Heilberufe (Klinikum Offenbach)<\/li>\n<li>Doktorandenbetreuung (Klinikum Offenbach und Herz-Jesu-Krankenhaus, Fulda)<\/li>\n<li>PJ-Koordination f\u00fcr das Fach \u201eChirurgie\u201c (Klinikum Offenbach)<\/li>\n<\/ul>\n<p><strong>Studien<\/strong><\/p>\n<ul>\n<li>Colopredict Plus 2.0<\/li>\n<li>Substudie PROTraSarc<\/li>\n<li>GISAR (German Interdisciplinary Sarcoma Registry)<\/li>\n<li>PROSa-Studie &#8211; von der Deutschen Krebshilfe unterst\u00fctztes Versorgungsprojekt f\u00fcr Sarkome des Uniklinikum Dresden (Asklepios Klinik St. Georg, Hamburg)<\/li>\n<li>Qualit\u00e4tssicherung Herniamed (Asklepios Klinik St. Georg, Hamburg)<\/li>\n<li>Qualit\u00e4tssicherung Kolon- und Rektumkarzinom der Deutschen Gesellschaft f\u00fcr Allgemein- und Viszeralchirurgie (Asklepios Klinik Nord, Hamburg)<\/li>\n<li>Qualit\u00e4tssicherung Herniamed (Asklepios Klinik Nord, Hamburg)<\/li>\n<li>Studie \u201eTumor M2-PK in stool\u201c &#8211; Klinische Relevanz von Markern im Stuhl bei<br \/>\ngastrointestinalen Karzinomen (Klinikum Offenbach und Herz-Jesu-Krankenhaus, Fulda)<\/li>\n<li>Studie \u201eQualit\u00e4tssicherung in der operativen Medizin Magenkarzinom, Kardiakarzinom, GIST\u201c<br \/>\nin Zusammenarbeit mit der Otto-von-Guericke Universit\u00e4t Magdeburg (Herz-Jesu-Krankenhaus, Fulda)<\/li>\n<li>Studie \u201eProGrip mesh repair versus Lichtenstein repair: A comparative randomized study in<br \/>\nprimary ingunal hernia\u201c (Herz-Jesu-Krankenhaus, Fulda)<\/li>\n<\/ul>\n","protected":false},"excerpt":{"rendered":"<p>T\u00e4tigkeiten in der akademischen Lehre Weiterbildungserm\u00e4chtigung (Asklepios Klinik St. Georg, Hamburg) Common Trunc 2 Jahre (kumulativ), Allgemeinchirurgie\/Chirurgie 2 Jahre (kumulativ), Viszeralchirurgie 4 Jahre, Spezielle Viszeralchirurgie 4 Jahre, Proktologie 1 Jahr Fachverantwortliche Dozentin f\u00fcr Chirurgie am Asklepios Campus Hamburg Pr\u00fcfungskommission der \u00c4rztekammer Hamburg im Fach &#8222;Spezielle Viszeralchirurgie&#8220; Lehrveranstaltungen der Johann Wolfgang Goethe-Universit\u00e4t Frankfurt am Main Interdisziplin\u00e4res [&hellip;]<\/p>\n","protected":false},"author":1,"featured_media":0,"parent":38,"menu_order":0,"comment_status":"closed","ping_status":"closed","template":"","meta":[],"_links":{"self":[{"href":"https:\/\/www.carolintonus.de\/index.php?rest_route=\/wp\/v2\/pages\/34"}],"collection":[{"href":"https:\/\/www.carolintonus.de\/index.php?rest_route=\/wp\/v2\/pages"}],"about":[{"href":"https:\/\/www.carolintonus.de\/index.php?rest_route=\/wp\/v2\/types\/page"}],"author":[{"embeddable":true,"href":"https:\/\/www.carolintonus.de\/index.php?rest_route=\/wp\/v2\/users\/1"}],"replies":[{"embeddable":true,"href":"https:\/\/www.carolintonus.de\/index.php?rest_route=%2Fwp%2Fv2%2Fcomments&post=34"}],"version-history":[{"count":17,"href":"https:\/\/www.carolintonus.de\/index.php?rest_route=\/wp\/v2\/pages\/34\/revisions"}],"predecessor-version":[{"id":1075,"href":"https:\/\/www.carolintonus.de\/index.php?rest_route=\/wp\/v2\/pages\/34\/revisions\/1075"}],"up":[{"embeddable":true,"href":"https:\/\/www.carolintonus.de\/index.php?rest_route=\/wp\/v2\/pages\/38"}],"wp:attachment":[{"href":"https:\/\/www.carolintonus.de\/index.php?rest_route=%2Fwp%2Fv2%2Fmedia&parent=34"}],"curies":[{"name":"wp","href":"https:\/\/api.w.org\/{rel}","templated":true}]}}