{"id":22,"date":"2014-01-21T14:33:28","date_gmt":"2014-01-21T12:33:28","guid":{"rendered":"http:\/\/columbralis.de\/TONUS2014\/?page_id=22"},"modified":"2021-07-04T13:32:35","modified_gmt":"2021-07-04T11:32:35","slug":"beruflicher-werdegang","status":"publish","type":"page","link":"https:\/\/www.carolintonus.de\/?page_id=22","title":{"rendered":"Beruflicher Werdegang"},"content":{"rendered":"<ul>\n<li>10\/1991: Praktikantin (Pathologisches Institut, St\u00e4dtische Kliniken Offenbach)<\/li>\n<li>02\/1992: \u00c4rztin im Praktikum (Klinik f\u00fcr Allgemein-, Viszeral-, Gef\u00e4\u00df- und Thoraxchirurgie, Klinikum Offenbach)<\/li>\n<li>08\/1993: Approbation<\/li>\n<li>08\/1993: Assistenz\u00e4rztin (Klinik f\u00fcr Allgemein-, Viszeral-, Gef\u00e4\u00df- und Thoraxchirurgie, Klinikum Offenbach)<\/li>\n<li>01\/1997: Assistenz\u00e4rztin (Traumatologische Klinik, BG Unfallklinik Frankfurt)<\/li>\n<li>07\/1998: Assistenz\u00e4rztin (Klinik f\u00fcr Allgemein-, Viszeral-, Gef\u00e4\u00df- und Thoraxchirurgie, Klinikum Offenbach)<\/li>\n<li>10\/1998: Facharztpr\u00fcfung Chirurgie<\/li>\n<li>10\/1998: Weiterbildung Viszeralchirurgie<\/li>\n<li>03\/2002: Habilitation (\u201e10-Jahresergebnisse der operativen und multimodalen Therapie prim\u00e4rer kolorektaler Karzinome in einem Haus der Maximalversorgung &#8211; Aspekte der Qualit\u00e4tssicherung unter dem Blickwinkel der evidenzbasierten Medizin\u201c)<\/li>\n<li>05\/2002: Ober\u00e4rztin (Bereich Onkologische Chirurgie, Klinik f\u00fcr Allgemein-, Viszeral-, Gef\u00e4\u00df- und Thoraxchirurgie, Klinikum Offenbach)<\/li>\n<li>02\/2005: Schwerpunktbezeichnung Viszeralchirurgie<\/li>\n<li>03\/2006: Chef\u00e4rztin (Allgemein- und Viszeralchirurgie, Herz-Jesu-Krankenhaus, Fulda)<\/li>\n<li>01\/2008: Zusatzbezeichnung Proktologie<\/li>\n<li>03\/2008: Stellvertretende \u00c4rztliche Direktorin (Herz-Jesu-Krankenhaus, Fulda)<\/li>\n<li>05\/2010: APL-Professur<\/li>\n<li>01\/2011: Chef\u00e4rztin (Allgemein-, Viszeral- und Gef\u00e4\u00dfchirurgie, Asklepios Klinik Nord, Hamburg)<\/li>\n<li>11\/2016: Chef\u00e4rztin (Allgemein- und Viszeralchirurgie, Asklepios Klinik St. Georg, Hamburg)<\/li>\n<li>05\/2019: Stellvertretende \u00c4rztliche Direktorin (Allgemein- und Viszeralchirurgie, Asklepios Klinik St. Georg, Hamburg)<\/li>\n<li>04\/2021: \u00c4rztliche Direktorin (Allgemein- und Viszeralchirurgie, Asklepios Klinik St. Georg, Hamburg)<\/li>\n<\/ul>\n","protected":false},"excerpt":{"rendered":"<p>10\/1991: Praktikantin (Pathologisches Institut, St\u00e4dtische Kliniken Offenbach) 02\/1992: \u00c4rztin im Praktikum (Klinik f\u00fcr Allgemein-, Viszeral-, Gef\u00e4\u00df- und Thoraxchirurgie, Klinikum Offenbach) 08\/1993: Approbation 08\/1993: Assistenz\u00e4rztin (Klinik f\u00fcr Allgemein-, Viszeral-, Gef\u00e4\u00df- und Thoraxchirurgie, Klinikum Offenbach) 01\/1997: Assistenz\u00e4rztin (Traumatologische Klinik, BG Unfallklinik Frankfurt) 07\/1998: Assistenz\u00e4rztin (Klinik f\u00fcr Allgemein-, Viszeral-, Gef\u00e4\u00df- und Thoraxchirurgie, Klinikum Offenbach) 10\/1998: Facharztpr\u00fcfung Chirurgie 10\/1998: [&hellip;]<\/p>\n","protected":false},"author":1,"featured_media":0,"parent":36,"menu_order":0,"comment_status":"closed","ping_status":"closed","template":"","meta":[],"_links":{"self":[{"href":"https:\/\/www.carolintonus.de\/index.php?rest_route=\/wp\/v2\/pages\/22"}],"collection":[{"href":"https:\/\/www.carolintonus.de\/index.php?rest_route=\/wp\/v2\/pages"}],"about":[{"href":"https:\/\/www.carolintonus.de\/index.php?rest_route=\/wp\/v2\/types\/page"}],"author":[{"embeddable":true,"href":"https:\/\/www.carolintonus.de\/index.php?rest_route=\/wp\/v2\/users\/1"}],"replies":[{"embeddable":true,"href":"https:\/\/www.carolintonus.de\/index.php?rest_route=%2Fwp%2Fv2%2Fcomments&post=22"}],"version-history":[{"count":7,"href":"https:\/\/www.carolintonus.de\/index.php?rest_route=\/wp\/v2\/pages\/22\/revisions"}],"predecessor-version":[{"id":312,"href":"https:\/\/www.carolintonus.de\/index.php?rest_route=\/wp\/v2\/pages\/22\/revisions\/312"}],"up":[{"embeddable":true,"href":"https:\/\/www.carolintonus.de\/index.php?rest_route=\/wp\/v2\/pages\/36"}],"wp:attachment":[{"href":"https:\/\/www.carolintonus.de\/index.php?rest_route=%2Fwp%2Fv2%2Fmedia&parent=22"}],"curies":[{"name":"wp","href":"https:\/\/api.w.org\/{rel}","templated":true}]}}